{"id":21,"date":"2015-06-06T09:17:16","date_gmt":"2015-06-06T09:17:16","guid":{"rendered":"http:\/\/block1898.wirkungswerk-werbeagentur.de\/?page_id=21"},"modified":"2025-07-21T10:05:08","modified_gmt":"2025-07-21T10:05:08","slug":"gaesteblock","status":"publish","type":"page","link":"http:\/\/block1898.de\/?page_id=21","title":{"rendered":"G\u00c4STEBLOCK"},"content":{"rendered":"\n<p><strong>G\u00e4steblock Ma\u00dfe<\/strong> <em>Stadion am B\u00f6llenfalltor<\/em><\/p>\n\n\n\n<figure class=\"wp-block-image size-large\"><a href=\"http:\/\/block1898.de\/wp-content\/uploads\/2025\/07\/image001.png\"><img decoding=\"async\" loading=\"lazy\" width=\"1024\" height=\"734\" src=\"http:\/\/block1898.de\/wp-content\/uploads\/2025\/07\/image001-1024x734.png\" alt=\"\" class=\"wp-image-2520\" srcset=\"http:\/\/block1898.de\/wp-content\/uploads\/2025\/07\/image001-1024x734.png 1024w, http:\/\/block1898.de\/wp-content\/uploads\/2025\/07\/image001-300x215.png 300w, http:\/\/block1898.de\/wp-content\/uploads\/2025\/07\/image001-768x550.png 768w, http:\/\/block1898.de\/wp-content\/uploads\/2025\/07\/image001.png 1218w\" sizes=\"(max-width: 1024px) 100vw, 1024px\" \/><\/a><\/figure>\n","protected":false},"excerpt":{"rendered":"<p>G\u00e4steblock Ma\u00dfe Stadion am B\u00f6llenfalltor<\/p>\n","protected":false},"author":1,"featured_media":0,"parent":0,"menu_order":0,"comment_status":"closed","ping_status":"closed","template":"","meta":[],"_links":{"self":[{"href":"http:\/\/block1898.de\/index.php?rest_route=\/wp\/v2\/pages\/21"}],"collection":[{"href":"http:\/\/block1898.de\/index.php?rest_route=\/wp\/v2\/pages"}],"about":[{"href":"http:\/\/block1898.de\/index.php?rest_route=\/wp\/v2\/types\/page"}],"author":[{"embeddable":true,"href":"http:\/\/block1898.de\/index.php?rest_route=\/wp\/v2\/users\/1"}],"replies":[{"embeddable":true,"href":"http:\/\/block1898.de\/index.php?rest_route=%2Fwp%2Fv2%2Fcomments&post=21"}],"version-history":[{"count":5,"href":"http:\/\/block1898.de\/index.php?rest_route=\/wp\/v2\/pages\/21\/revisions"}],"predecessor-version":[{"id":2523,"href":"http:\/\/block1898.de\/index.php?rest_route=\/wp\/v2\/pages\/21\/revisions\/2523"}],"wp:attachment":[{"href":"http:\/\/block1898.de\/index.php?rest_route=%2Fwp%2Fv2%2Fmedia&parent=21"}],"curies":[{"name":"wp","href":"https:\/\/api.w.org\/{rel}","templated":true}]}}