{"id":2071,"date":"2023-03-07T00:17:44","date_gmt":"2023-03-07T00:17:44","guid":{"rendered":"http:\/\/block1898.de\/?page_id=2071"},"modified":"2024-08-16T12:34:49","modified_gmt":"2024-08-16T12:34:49","slug":"foerdermitglied-werden","status":"publish","type":"page","link":"http:\/\/block1898.de\/?page_id=2071","title":{"rendered":"F\u00f6rdermitglied der S\u00fcdtrib\u00fcne werden"},"content":{"rendered":"\n<h3>Werde S\u00fcdtrib\u00fcne F\u00f6rdermitglied und unterst\u00fctze die kreative und lebendige Lilien-Fankultur am B\u00f6llenfalltor!<\/h3>\n\n\n\n<figure class=\"wp-block-image size-full\"><a href=\"http:\/\/block1898.de\/wp-content\/uploads\/2023\/03\/ddorf1.png\"><img decoding=\"async\" loading=\"lazy\" width=\"800\" height=\"450\" src=\"http:\/\/block1898.de\/wp-content\/uploads\/2023\/03\/ddorf1-edited.png\" alt=\"\" class=\"wp-image-2083\" srcset=\"http:\/\/block1898.de\/wp-content\/uploads\/2023\/03\/ddorf1-edited.png 800w, http:\/\/block1898.de\/wp-content\/uploads\/2023\/03\/ddorf1-edited-300x169.png 300w, http:\/\/block1898.de\/wp-content\/uploads\/2023\/03\/ddorf1-edited-768x432.png 768w\" sizes=\"(max-width: 800px) 100vw, 800px\" \/><\/a><\/figure>\n\n\n\n<p class=\"has-vivid-cyan-blue-color has-text-color\"><em><strong>DU hast Lust auf eine lautstarke blau-wei\u00dfe Kurve?<br>DU f\u00fchlst dich als Teil oder sympathisierst mit den Aktivit\u00e4ten der S\u00fcdtrib\u00fcne?<br>DU feierst Choreos, Fahnen und Aktionen f\u00fcr die Lilien?<br>DU hast Bock dich einzubringen und suchst den ersten Schritt?<br>oder DU willst deinen Beitrag leisten, teilst unsere Werte aber willst nicht aktiv mitmischen?<br>DU willst \u00fcber Aktivit\u00e4ten, Treffpunkte, Angebote, usw. regelm\u00e4\u00dfig informiert werden?<\/strong><\/em><\/p>\n\n\n\n<p class=\"has-black-color has-text-color\"><br>.<strong>..DANN f\u00f6rdere unsere Aktivit\u00e4ten mit einer F\u00f6rdermitgliedschaft im S\u00fcdtrib\u00fcne Darmstadt e.V.<br>Jeder Lilienfan kann seinen Beitrag leisten, damit wir auch in Zukunft noch mehr gemeinsame Ausw\u00e4rtsfahrten, Choreografien, Fahnen, Kurvenartikel, Stadionversch\u00f6nerungen, uvm. unabh\u00e4ngig und ehrenamtlich organisieren und finanzieren k\u00f6nnen. Jede Mitgliedschaft ist ein wichtiger Beitrag f\u00fcr diese Ziele und um als Kurve weiter ZUSAMMEN zu wachsen! <\/strong><br><br>Wir bieten S\u00fcdtrib\u00fcne F\u00f6rdermitgliedern zuk\u00fcnftig folgendes an:<\/p>\n\n\n\n<ul>\n<li>Verg\u00fcnstigungen auf Artikel der S\u00fcdtrib\u00fcne sowie bei gemeinsamen gro\u00dfe Ausw\u00e4rtstouren (z.B. Lilienexpress, S\u00fcdtrib\u00fcne-Busse)<\/li>\n\n\n\n<li>regelm\u00e4\u00dfige Information \u00fcber S\u00fcdtrib\u00fcne-Aktivit\u00e4ten, Treffpunkte, usw.<\/li>\n\n\n\n<li>regelm\u00e4\u00dfige Veranstaltungsangebote, wie Kurven- oder Stimmungstreffen<\/li>\n\n\n\n<li>M\u00f6glichkeiten sich in der Kurve miteinzubringen und Kontakte zu kn\u00fcpfen<\/li>\n<\/ul>\n\n\n<div class=\"wp-block-image\">\n<figure class=\"aligncenter size-full\"><a href=\"http:\/\/block1898.de\/wp-content\/uploads\/2023\/03\/dd02.jpeg\"><img decoding=\"async\" loading=\"lazy\" width=\"645\" height=\"484\" src=\"http:\/\/block1898.de\/wp-content\/uploads\/2023\/03\/dd02-edited.jpeg\" alt=\"\" class=\"wp-image-2084\" srcset=\"http:\/\/block1898.de\/wp-content\/uploads\/2023\/03\/dd02-edited.jpeg 645w, http:\/\/block1898.de\/wp-content\/uploads\/2023\/03\/dd02-edited-300x225.jpeg 300w\" sizes=\"(max-width: 645px) 100vw, 645px\" \/><\/a><\/figure><\/div>\n\n\n<p>Unser Ziel ist es, die Entwicklung auf der S\u00fcd in den letzten Jahren weiter voranzutreiben und im nun fertiggestellten, neuen B\u00f6llenfalltor eine Kurve zu etablieren, die das gesamte Stadion mitrei\u00dfen kann. All das, was an Spieltagen auf der S\u00fcdtrib\u00fcne und ausw\u00e4rts passiert, vom Klebeband f\u00fcr Fahnen \u00fcber Spruchb\u00e4nder bis hin zu Sonderz\u00fcgen, die wir anmieten, ist mit Kosten und ehrenamtlichem Engagement verbunden. Unterst\u00fctzt unsere Strukturen, damit wir all dies auch in Zukunft weiterhin organisieren k\u00f6nnen:<\/p>\n\n\n\n<p><strong>Die Beitr\u00e4ge einer F\u00f6rdermitgliedschaft belaufen sich auf:<\/strong><\/p>\n\n\n\n<ul>\n<li><strong>Erwachsene F\u00f6rdermitglieder (\u00fcber 21 Jahren): <em>6 Euro \/ Monat<\/em><\/strong><\/li>\n\n\n\n<li><strong>Jugendliche F\u00f6rdermitglieder (unter 21 Jahren): <em>3 Euro \/ Monat<\/em><\/strong><\/li>\n<\/ul>\n\n\n\n<p>Die Beitr\u00e4ge k\u00f6nnen monatlich, als auch j\u00e4hrlich bezahlt werden. Dies k\u00f6nnt ihr per SEPA-Lastschriftverfahren monatlich machen oder den vollen Jahresbeitrag k\u00f6nnt ihr per SEPA-Verfahren einziehen lassen. <\/p>\n\n\n\n<h2>Wie kannst DU F\u00f6rdermitglied werden?<\/h2>\n\n\n\n<p>Mitgliedsantrag bitte entweder <strong><mark style=\"background-color:rgba(0, 0, 0, 0)\" class=\"has-inline-color has-vivid-cyan-blue-color\"><a href=\"http:\/\/block1898.de\/wp-content\/uploads\/2024\/08\/Suedtribuene-Foerdermitgliedsantrag_2023-1.pdf\">HIER<\/a><\/mark><\/strong> als PDF-Datei runterladen und gut leserlich ausgef\u00fcllt bei Heimspielen am S\u00fcdtrib\u00fcne-Stand abgeben (f\u00fcr Jugendliche unter 18 Jahre verpflichtend, da eine erziehungsberechtigte Person unterschreiben muss) <br><br><em>ODER<\/em><br><br>hier digital ausf\u00fcllen (NUR f\u00fcr F\u00f6rdermitglieder \u00fcber 18 Jahren zul\u00e4ssig):<\/p>\n\n\n\n<h2>digitaler Antrag auf F\u00f6rdermitgliedschaft:<\/h2>\n\n\n<div role=\"form\" class=\"wpcf7\" id=\"wpcf7-f1898-o1\" lang=\"de-DE\" dir=\"ltr\">\n<div class=\"screen-reader-response\"><\/div>\n<form name=\"\" action=\"\/index.php?rest_route=%2Fwp%2Fv2%2Fpages%2F2071#wpcf7-f1898-o1\" method=\"post\" class=\"wpcf7-form\" novalidate=\"novalidate\">\n<div style=\"display: none;\">\n<input type=\"hidden\" name=\"_wpcf7\" value=\"1898\" \/>\n<input type=\"hidden\" name=\"_wpcf7_version\" value=\"4.2.1\" \/>\n<input type=\"hidden\" name=\"_wpcf7_locale\" value=\"de_DE\" \/>\n<input type=\"hidden\" name=\"_wpcf7_unit_tag\" value=\"wpcf7-f1898-o1\" \/>\n<input type=\"hidden\" name=\"_wpnonce\" value=\"476b12c1e8\" \/>\n<\/div>\n<p>Hier mit beantrage ich,...<\/p>\n<p>Vorname (Pflichtfeld)<br \/>\n    <span class=\"wpcf7-form-control-wrap vorname\"><input type=\"text\" name=\"vorname\" value=\"\" size=\"40\" class=\"wpcf7-form-control wpcf7-text wpcf7-validates-as-required\" aria-required=\"true\" aria-invalid=\"false\" \/><\/span> <\/p>\n<p>Name (Pflichtfeld)<br \/>\n    <span class=\"wpcf7-form-control-wrap name\"><input type=\"text\" name=\"name\" value=\"\" size=\"40\" class=\"wpcf7-form-control wpcf7-text wpcf7-validates-as-required\" aria-required=\"true\" aria-invalid=\"false\" \/><\/span> <\/p>\n<p>Geburtsdatum (Pflichtfeld)<br \/>\n    <span class=\"wpcf7-form-control-wrap birthdate\"><input type=\"text\" name=\"birthdate\" value=\"\" size=\"40\" class=\"wpcf7-form-control wpcf7-text wpcf7-validates-as-required\" aria-required=\"true\" aria-invalid=\"false\" \/><\/span> <\/p>\n<p>Stra\u00dfe & Hausnummer (Pflichtfeld)<br \/>\n    <span class=\"wpcf7-form-control-wrap street\"><input type=\"text\" name=\"street\" value=\"\" size=\"40\" class=\"wpcf7-form-control wpcf7-text wpcf7-validates-as-required\" aria-required=\"true\" aria-invalid=\"false\" \/><\/span> <\/p>\n<p>PLZ & Ort (Pflichtfeld)<br \/>\n    <span class=\"wpcf7-form-control-wrap place\"><input type=\"text\" name=\"place\" value=\"\" size=\"40\" class=\"wpcf7-form-control wpcf7-text wpcf7-validates-as-required\" aria-required=\"true\" aria-invalid=\"false\" \/><\/span> <\/p>\n<p>Telefon (optional)<br \/>\n    <span class=\"wpcf7-form-control-wrap phone\"><input type=\"text\" name=\"phone\" value=\"\" size=\"40\" class=\"wpcf7-form-control wpcf7-text\" aria-invalid=\"false\" \/><\/span> <\/p>\n<p>Ihre E-Mail-Adresse (Pflichtfeld)<br \/>\n    <span class=\"wpcf7-form-control-wrap email\"><input type=\"email\" name=\"email\" value=\"\" size=\"40\" class=\"wpcf7-form-control wpcf7-text wpcf7-email wpcf7-validates-as-required wpcf7-validates-as-email\" aria-required=\"true\" aria-invalid=\"false\" \/><\/span> <\/p>\n<p>eine F\u00f6rdermitgliedschaft beim S\u00fcdtrib\u00fcne Darmstadt e.V. zum folgenden Datum:<br \/>\n<span class=\"wpcf7-form-control-wrap date-121\"><input type=\"date\" name=\"date-121\" value=\"\" class=\"wpcf7-form-control wpcf7-date wpcf7-validates-as-required wpcf7-validates-as-date\" min=\"2023-03-03\" max=\"2025-01-02\" aria-required=\"true\" aria-invalid=\"false\" \/><\/span><\/p>\n<p>----------------<\/p>\n<p>Beitragsart:<br \/>\n<span class=\"wpcf7-form-control-wrap checkbox-857\"><span class=\"wpcf7-form-control wpcf7-checkbox wpcf7-validates-as-required wpcf7-exclusive-checkbox\"><span class=\"wpcf7-list-item first\"><input type=\"checkbox\" name=\"checkbox-857\" value=\"F\u00f6rdermitgliedschaft Erwachsene (\u00fc21) - 6 EUR\/Monat\" \/>&nbsp;<span class=\"wpcf7-list-item-label\">F\u00f6rdermitgliedschaft Erwachsene (\u00fc21) - 6 EUR\/Monat<\/span><\/span><span class=\"wpcf7-list-item last\"><input type=\"checkbox\" name=\"checkbox-857\" value=\"F\u00f6rdermitgliedschaft Jugendl. (u21) - 3 EUR\/Monat\" \/>&nbsp;<span class=\"wpcf7-list-item-label\">F\u00f6rdermitgliedschaft Jugendl. (u21) - 3 EUR\/Monat<\/span><\/span><\/span><\/span><\/p>\n<p>Zahlungsweise:<br \/>\n<span class=\"wpcf7-form-control-wrap checkbox-858\"><span class=\"wpcf7-form-control wpcf7-checkbox wpcf7-validates-as-required wpcf7-exclusive-checkbox\"><span class=\"wpcf7-list-item first\"><input type=\"checkbox\" name=\"checkbox-858\" value=\"monatlich per SEPA-Lastschrift\" \/>&nbsp;<span class=\"wpcf7-list-item-label\">monatlich per SEPA-Lastschrift<\/span><\/span><span class=\"wpcf7-list-item last\"><input type=\"checkbox\" name=\"checkbox-858\" value=\"j\u00e4hrlich per SEPA-Lastschrift\" \/>&nbsp;<span class=\"wpcf7-list-item-label\">j\u00e4hrlich per SEPA-Lastschrift<\/span><\/span><\/span><\/span><\/p>\n<p>----------------<\/p>\n<p><span class=\"wpcf7-form-control-wrap checkbox-859\"><span class=\"wpcf7-form-control wpcf7-checkbox wpcf7-validates-as-required wpcf7-exclusive-checkbox\"><span class=\"wpcf7-list-item first last\"><input type=\"checkbox\" name=\"checkbox-859\" value=\"Ich bin einverstanden, dass mir Informationen seitens der S\u00fcdtrib\u00fcne per Mail-Newsletter regelm\u00e4\u00dfig zugestellt werden. Eine Abmeldung ist jederzeit nachtr\u00e4glich m\u00f6glich.\" \/>&nbsp;<span class=\"wpcf7-list-item-label\">Ich bin einverstanden, dass mir Informationen seitens der S\u00fcdtrib\u00fcne per Mail-Newsletter regelm\u00e4\u00dfig zugestellt werden. Eine Abmeldung ist jederzeit nachtr\u00e4glich m\u00f6glich.<\/span><\/span><\/span><\/span><\/p>\n<p>Fanclub:<br \/>\n<span class=\"wpcf7-form-control-wrap Fanclub\"><input type=\"text\" name=\"Fanclub\" value=\"\" size=\"40\" class=\"wpcf7-form-control wpcf7-text\" aria-invalid=\"false\" \/><\/span><\/p>\n<p><input type=\"submit\" value=\"Senden\" class=\"wpcf7-form-control wpcf7-submit\" \/><\/p>\n<div class=\"wpcf7-response-output wpcf7-display-none\"><\/div><\/form><\/div>\n\n\n\n<h2>+++WICHTIG! ERST ANTRAG ABSENDEN! <br>DANN SEPA-ERM\u00c4CHTIGUNG AUSF\u00dcLLEN!+++<\/h2>\n\n\n\n<h2>SEPA-Einzugserm\u00e4chtigung:<\/h2>\n\n\n<div role=\"form\" class=\"wpcf7\" id=\"wpcf7-f2099-o2\" lang=\"de-DE\" dir=\"ltr\">\n<div class=\"screen-reader-response\"><\/div>\n<form name=\"\" action=\"\/index.php?rest_route=%2Fwp%2Fv2%2Fpages%2F2071#wpcf7-f2099-o2\" method=\"post\" class=\"wpcf7-form\" novalidate=\"novalidate\">\n<div style=\"display: none;\">\n<input type=\"hidden\" name=\"_wpcf7\" value=\"2099\" \/>\n<input type=\"hidden\" name=\"_wpcf7_version\" value=\"4.2.1\" \/>\n<input type=\"hidden\" name=\"_wpcf7_locale\" value=\"de_DE\" \/>\n<input type=\"hidden\" name=\"_wpcf7_unit_tag\" value=\"wpcf7-f2099-o2\" \/>\n<input type=\"hidden\" name=\"_wpnonce\" value=\"cc439097ef\" \/>\n<\/div>\n<p>SEPA-Lastschriftmandat<\/p>\n<p>Zahlungsempf\u00e4nger:<br \/>\nS\u00fcdtrib\u00fcne Darmstadt e.V.<br \/>\nc\/o Erbacher Str. 1<br \/>\n64285 Darmstadt<br \/>\nGl\u00e4ubiger-Identifikationsnummer: DE95ZZZ00002045638<\/p>\n<p>Mandatsreferenz: (wird separat mitgeteilt)<\/p>\n<p>BITTE ANKREUZEN!<br \/>\n<span class=\"wpcf7-form-control-wrap acceptance-804\"><input type=\"checkbox\" name=\"acceptance-804\" value=\"1\" class=\"wpcf7-form-control wpcf7-acceptance\" aria-invalid=\"false\" \/><\/span> Ich erm\u00e4chtige den S\u00fcdtrib\u00fcne Darmstadt e.V., Zahlungen von meinem Konto mittels Lastschrift einzuziehen. Zugleich weise ich mein Kreditinstitut an, die vom S\u00fcdtrib\u00fcne Darmstadt e.V. auf mein Konto gezogenen Lastschriften einzul\u00f6sen.<\/p>\n<p>Hinweis: Ich kann innerhalb von acht Wochen, beginnend mit dem Belastungsdatum, die Erstattung des belasteten Betrages verlangen. Es gelten dabei die mit meinem Kreditinstitut vereinbarten Bedingungen.<\/p>\n<p>Kontoinhaber\/in:<br \/>\nVorname: <span class=\"wpcf7-form-control-wrap SEPA-vorname\"><input type=\"text\" name=\"SEPA-vorname\" value=\"\" size=\"40\" class=\"wpcf7-form-control wpcf7-text wpcf7-validates-as-required\" aria-required=\"true\" aria-invalid=\"false\" \/><\/span><br \/>\nName: <span class=\"wpcf7-form-control-wrap SEPA-name\"><input type=\"text\" name=\"SEPA-name\" value=\"\" size=\"40\" class=\"wpcf7-form-control wpcf7-text wpcf7-validates-as-required\" aria-required=\"true\" aria-invalid=\"false\" \/><\/span> <\/p>\n<p>Adresse:<br \/>\nStra\u00dfe und Hausnr.: <span class=\"wpcf7-form-control-wrap SEPA-strasse\"><input type=\"text\" name=\"SEPA-strasse\" value=\"\" size=\"40\" class=\"wpcf7-form-control wpcf7-text wpcf7-validates-as-required\" aria-required=\"true\" aria-invalid=\"false\" \/><\/span><br \/>\nPLZ und Ort: <span class=\"wpcf7-form-control-wrap SEPA-strasse\"><input type=\"text\" name=\"SEPA-strasse\" value=\"\" size=\"40\" class=\"wpcf7-form-control wpcf7-text wpcf7-validates-as-required\" aria-required=\"true\" aria-invalid=\"false\" \/><\/span> <\/p>\n<p>Konto:<br \/>\nKreditinstitut <span class=\"wpcf7-form-control-wrap SEPA-kreditinstitut\"><input type=\"text\" name=\"SEPA-kreditinstitut\" value=\"\" size=\"40\" class=\"wpcf7-form-control wpcf7-text wpcf7-validates-as-required\" aria-required=\"true\" aria-invalid=\"false\" \/><\/span><br \/>\nBIC: <span class=\"wpcf7-form-control-wrap BIC\"><input type=\"text\" name=\"BIC\" value=\"\" size=\"40\" class=\"wpcf7-form-control wpcf7-text wpcf7-validates-as-required\" aria-required=\"true\" aria-invalid=\"false\" \/><\/span><br \/>\nIBAN: <span class=\"wpcf7-form-control-wrap IBAN\"><input type=\"text\" name=\"IBAN\" value=\"\" size=\"40\" class=\"wpcf7-form-control wpcf7-text wpcf7-validates-as-required\" aria-required=\"true\" aria-invalid=\"false\" \/><\/span> <\/p>\n<p>Heutiges Datum: <span class=\"wpcf7-form-control-wrap date-849\"><input type=\"date\" name=\"date-849\" value=\"\" class=\"wpcf7-form-control wpcf7-date wpcf7-validates-as-required wpcf7-validates-as-date\" aria-required=\"true\" aria-invalid=\"false\" \/><\/span><br \/>\nBitte best\u00e4tigen!<\/p>\n<p><input type=\"submit\" value=\"Senden\" class=\"wpcf7-form-control wpcf7-submit\" \/><\/p>\n<div class=\"wpcf7-response-output wpcf7-display-none\"><\/div><\/form><\/div>\n\n\n<div class=\"wp-block-image\">\n<figure class=\"aligncenter is-resized\"><img decoding=\"async\" loading=\"lazy\" src=\"http:\/\/block1898.de\/wp-content\/uploads\/2023\/03\/Suedtribuene_logo_web.png\" alt=\"\" class=\"wp-image-1907\" width=\"128\" height=\"128\" srcset=\"http:\/\/block1898.de\/wp-content\/uploads\/2023\/03\/Suedtribuene_logo_web.png 512w, http:\/\/block1898.de\/wp-content\/uploads\/2023\/03\/Suedtribuene_logo_web-300x300.png 300w, http:\/\/block1898.de\/wp-content\/uploads\/2023\/03\/Suedtribuene_logo_web-150x150.png 150w\" sizes=\"(max-width: 128px) 100vw, 128px\" \/><\/figure><\/div>","protected":false},"excerpt":{"rendered":"<p>Werde S\u00fcdtrib\u00fcne F\u00f6rdermitglied und unterst\u00fctze die kreative und lebendige Lilien-Fankultur am B\u00f6llenfalltor! DU hast Lust auf eine lautstarke blau-wei\u00dfe Kurve?DU f\u00fchlst dich als Teil oder sympathisierst mit den Aktivit\u00e4ten der S\u00fcdtrib\u00fcne?DU feierst Choreos, Fahnen und Aktionen f\u00fcr die Lilien?DU hast Bock dich einzubringen und suchst den ersten Schritt?oder DU willst deinen Beitrag leisten, teilst unsere &#8230;<\/p>\n","protected":false},"author":2,"featured_media":0,"parent":0,"menu_order":0,"comment_status":"closed","ping_status":"closed","template":"","meta":[],"_links":{"self":[{"href":"http:\/\/block1898.de\/index.php?rest_route=\/wp\/v2\/pages\/2071"}],"collection":[{"href":"http:\/\/block1898.de\/index.php?rest_route=\/wp\/v2\/pages"}],"about":[{"href":"http:\/\/block1898.de\/index.php?rest_route=\/wp\/v2\/types\/page"}],"author":[{"embeddable":true,"href":"http:\/\/block1898.de\/index.php?rest_route=\/wp\/v2\/users\/2"}],"replies":[{"embeddable":true,"href":"http:\/\/block1898.de\/index.php?rest_route=%2Fwp%2Fv2%2Fcomments&post=2071"}],"version-history":[{"count":15,"href":"http:\/\/block1898.de\/index.php?rest_route=\/wp\/v2\/pages\/2071\/revisions"}],"predecessor-version":[{"id":2446,"href":"http:\/\/block1898.de\/index.php?rest_route=\/wp\/v2\/pages\/2071\/revisions\/2446"}],"wp:attachment":[{"href":"http:\/\/block1898.de\/index.php?rest_route=%2Fwp%2Fv2%2Fmedia&parent=2071"}],"curies":[{"name":"wp","href":"https:\/\/api.w.org\/{rel}","templated":true}]}}