{"id":2048,"date":"2023-03-06T09:45:37","date_gmt":"2023-03-06T09:45:37","guid":{"rendered":"http:\/\/block1898.de\/?page_id=2048"},"modified":"2023-03-08T12:11:18","modified_gmt":"2023-03-08T12:11:18","slug":"lilienfans-helfen","status":"publish","type":"page","link":"http:\/\/block1898.de\/?page_id=2048","title":{"rendered":"Lilienfans helfen!"},"content":{"rendered":"\n<h2>Winter Tombola<\/h2>\n\n\n\n<p>Seit der Saison 2020\/21 wird durch die S\u00fcdtrib\u00fcne Darmstadt eine Winter Tombola organisiert, um somit Spenden f\u00fcr Wohnungslose Menschen und soziale Einrichtungen in Darmstadt und S\u00fcdhessen zu sammeln. Mit vielen unterschiedlichen Preisen wurde auch in Corona-Zeiten an dem Projekt festgehalten und eine digitale Tombola mit gro\u00dffl\u00e4chigem Versand veranstaltet. Die gro\u00dfartige Beteiligung der Lilienfans hat in den letzten Jahren dabei geholfen, das wir regelm\u00e4\u00dfige eine ordentliche vierstellige Summe, sowie einige Sachspenden an die <em>Teestube KONKRET<\/em> im Darmst\u00e4dter Watzeviertel spenden konnten, die sich seit Jahren aufopferungsvoll um Menschen k\u00fcmmert, die in pers\u00f6nliche Notlagen geraten sind. Hier eine \u00dcbersicht der Spendenbetr\u00e4ge aus den letzten Jahren:<\/p>\n\n\n\n<ul>\n<li>Winter Tombola 2020: 10.000 Euro Spenden (komplett digital)<\/li>\n\n\n\n<li>Winter Tombola 2021: 7.000 Euro Spenden (Losverkauf bei Heimspielen &amp; digital)<\/li>\n\n\n\n<li>Winter Tombola 2022: 3.500 Euro (Losverkauf beim Er\u00f6ffnungsspiel gegen YB)<\/li>\n<\/ul>\n\n\n\n<figure class=\"wp-block-image size-large\"><a href=\"http:\/\/block1898.de\/wp-content\/uploads\/2023\/03\/PHOTO-2021-12-23-14-50-33.jpg\"><img decoding=\"async\" loading=\"lazy\" width=\"1024\" height=\"768\" src=\"http:\/\/block1898.de\/wp-content\/uploads\/2023\/03\/PHOTO-2021-12-23-14-50-33-1024x768.jpg\" alt=\"\" class=\"wp-image-2094\" srcset=\"http:\/\/block1898.de\/wp-content\/uploads\/2023\/03\/PHOTO-2021-12-23-14-50-33-1024x768.jpg 1024w, http:\/\/block1898.de\/wp-content\/uploads\/2023\/03\/PHOTO-2021-12-23-14-50-33-300x225.jpg 300w, http:\/\/block1898.de\/wp-content\/uploads\/2023\/03\/PHOTO-2021-12-23-14-50-33-768x576.jpg 768w, http:\/\/block1898.de\/wp-content\/uploads\/2023\/03\/PHOTO-2021-12-23-14-50-33-1536x1152.jpg 1536w, http:\/\/block1898.de\/wp-content\/uploads\/2023\/03\/PHOTO-2021-12-23-14-50-33.jpg 2048w\" sizes=\"(max-width: 1024px) 100vw, 1024px\" \/><\/a><\/figure>\n\n\n\n<h2>S\u00fcdtrib\u00fcne Kalender<\/h2>\n\n\n\n<div class=\"wp-block-media-text alignwide is-stacked-on-mobile\"><figure class=\"wp-block-media-text__media\"><img decoding=\"async\" loading=\"lazy\" width=\"910\" height=\"1213\" src=\"http:\/\/block1898.de\/wp-content\/uploads\/2023\/03\/suedkalender2022_web-edited.jpg\" alt=\"\" class=\"wp-image-2096 size-full\" srcset=\"http:\/\/block1898.de\/wp-content\/uploads\/2023\/03\/suedkalender2022_web-edited.jpg 910w, http:\/\/block1898.de\/wp-content\/uploads\/2023\/03\/suedkalender2022_web-edited-225x300.jpg 225w, http:\/\/block1898.de\/wp-content\/uploads\/2023\/03\/suedkalender2022_web-edited-768x1024.jpg 768w\" sizes=\"(max-width: 910px) 100vw, 910px\" \/><\/figure><div class=\"wp-block-media-text__content\">\n<p>In den letzten Jahren haben wir immer wieder Wand- oder Wochenkalender herausgebracht und damit einzelne soziale oder (fan)kulturelle Institutionen unterst\u00fctzt. Hier fehlt leider manchmal etwas die Konstanz, weshalb wir uns fest vorgenommen haben, zuk\u00fcnftig wieder verst\u00e4rkt darauf zu achten, einen Kurvenkalender f\u00fcr den guten Zweck herauszubringen.<\/p>\n<\/div><\/div>\n\n\n\n<h2>Lilienfans helfen &#8211; Anlassbezogene Spendenaktionen<\/h2>\n\n\n\n<p>In den letzten Jahren konnten wir unter dem Motto &#8222;Lilienfans helfen&#8220; immer wieder Spendenaktionen am B\u00f6llenfalltor durchf\u00fchren, die denjenigen zugute kommen, die in Krisen- oder Kriegsgebieten oder in private Notsituationen pl\u00f6tzlich auf jede Hilfe angewiesen sind. Dank des SV 98 und auch des Stadion-Caterers war es oftmals m\u00f6glich auch sehr schnell und spontan gro\u00dfe Sammelaktionen durchzuf\u00fchren. Wir haben in den letzten Jahren unter anderem folgende Sammelaktionen durchgef\u00fchrt:<\/p>\n\n\n\n<ul>\n<li><a href=\"http:\/\/block1898.de\/?p=1127\">Typisierungen von Knochenmarkspenden zugunsten von Marion<\/a> (zusammen mit der DKMS und dem Fanprojekt Darmstadt)<\/li>\n\n\n\n<li><a href=\"http:\/\/block1898.de\/?p=1568\">Kleiderspenden f\u00fcr die Gefl\u00fcchteten <\/a>auf der griechischen Insel Lesbos (inkl. Transport)<\/li>\n\n\n\n<li><a href=\"http:\/\/block1898.de\/?p=1749\">Zwei gro\u00dfe Geld- und Sachspenden-Sammlungen<\/a> und Hilfsg\u00fcterkonvois f\u00fcr Menschen &amp; Waisen-Unterk\u00fcnfte in der Ukraine (inkl. Transport)<\/li>\n\n\n\n<li>Unterst\u00fctzung einer <a href=\"http:\/\/block1898.de\/?p=1891\">Geldspenden-Sammlung<\/a> f\u00fcr die Menschen in der T\u00fcrkei und Syrien nach der Erdbeben-Katastrophe 2023  (zusammen mit dem Mekan Darmstadt e.V.)<\/li>\n<\/ul>\n\n\n\n<p>Auch wenn wir hoffen, dass es m\u00f6glichst wenige weitere Anl\u00e4sse geben wird, um solche Aktionen durchzuf\u00fchren, sind wir immer wieder stolz darauf, dass auf die Lilienfanszene immer Verlass ist, wenn Menschen in Not geraten sind und wir durch unsere Gemeinschaft wenigstens einen kleinen Teil beitragen k\u00f6nnen, um das Leid von in Not geratenen Menschen etwas zu lindern.<\/p>\n\n\n\n<h2>#soliDArisch &#8211; Hilfe in Corona-Zeiten<\/h2>\n\n\n\n<p>Als die Corona-Krise Anfang 2020 das soziale Leben, aber auch den Fu\u00dfball lahm legte, solidarisierte sich die S\u00fcdtrib\u00fcne in den folgenden Wochen mit den Pflegekr\u00e4ften und denjenigen, die sich in Superm\u00e4rkten und anderen systemrelevanten Bereichen, der Krise entgegenstellten. In den folgenden Wochen wurden die K\u00f6pfe zusammengesteckt und f\u00fcr die Phase des ersten Lockdowns zusammen mit dem SV 98 und der Stadt Darmstadt ein Hilfsnetzwerk aufgebaut, das infizierten Personen und vulnerablen Gruppen in unserer Stadt helfen sollte, Kontakte zu vermeiden und damit das Risiko auf Infizierung zu minimieren. \u00dcber eine aufgesetzte Homepage sowie Hotlines konnten somit Hilfsgesuche und -angebote gesammelt und zueinander vermittelt werden. Sei es Hilfe beim Einkaufen oder anderen allt\u00e4glichen Erledigungen oder auch das Angebot fehlende soziale Kontakte durch pers\u00f6nliche Gespr\u00e4che auszugleichen, wir trugen mit dem #soliDArisch-Netzwerk einen wichtigen Teil dazu bei, dass in dieser Zeit die Stadtgesellschaft zueinander fand anstatt sich vollends voneinander zu isolieren. Bei allem, was man r\u00fcckblickend \u00fcber die Corona-Krise und den Umgang mit ihr halten mag, macht uns diese Tatsache heute noch stolz. Hinzu kamen im \u00fcbrigen auch die Aufrufe die lokale Wirtschaft zu st\u00e4rken anstatt gro\u00dfe Versandh\u00e4ndler zu nutzen, sowie Sammelaktionen um den digitalen Unterricht f\u00fcr Kinder sozial schw\u00e4cheren Familien zu erm\u00f6glichen.<\/p>\n","protected":false},"excerpt":{"rendered":"<p>Winter Tombola Seit der Saison 2020\/21 wird durch die S\u00fcdtrib\u00fcne Darmstadt eine Winter Tombola organisiert, um somit Spenden f\u00fcr Wohnungslose Menschen und soziale Einrichtungen in Darmstadt und S\u00fcdhessen zu sammeln. Mit vielen unterschiedlichen Preisen wurde auch in Corona-Zeiten an dem Projekt festgehalten und eine digitale Tombola mit gro\u00dffl\u00e4chigem Versand veranstaltet. Die gro\u00dfartige Beteiligung der Lilienfans &#8230;<\/p>\n","protected":false},"author":2,"featured_media":0,"parent":0,"menu_order":0,"comment_status":"closed","ping_status":"closed","template":"","meta":[],"_links":{"self":[{"href":"http:\/\/block1898.de\/index.php?rest_route=\/wp\/v2\/pages\/2048"}],"collection":[{"href":"http:\/\/block1898.de\/index.php?rest_route=\/wp\/v2\/pages"}],"about":[{"href":"http:\/\/block1898.de\/index.php?rest_route=\/wp\/v2\/types\/page"}],"author":[{"embeddable":true,"href":"http:\/\/block1898.de\/index.php?rest_route=\/wp\/v2\/users\/2"}],"replies":[{"embeddable":true,"href":"http:\/\/block1898.de\/index.php?rest_route=%2Fwp%2Fv2%2Fcomments&post=2048"}],"version-history":[{"count":5,"href":"http:\/\/block1898.de\/index.php?rest_route=\/wp\/v2\/pages\/2048\/revisions"}],"predecessor-version":[{"id":2097,"href":"http:\/\/block1898.de\/index.php?rest_route=\/wp\/v2\/pages\/2048\/revisions\/2097"}],"wp:attachment":[{"href":"http:\/\/block1898.de\/index.php?rest_route=%2Fwp%2Fv2%2Fmedia&parent=2048"}],"curies":[{"name":"wp","href":"https:\/\/api.w.org\/{rel}","templated":true}]}}