{"id":17,"date":"2015-06-06T09:16:51","date_gmt":"2015-06-06T09:16:51","guid":{"rendered":"http:\/\/block1898.wirkungswerk-werbeagentur.de\/?page_id=17"},"modified":"2015-06-30T07:30:59","modified_gmt":"2015-06-30T07:30:59","slug":"lilien-hilfe","status":"publish","type":"page","link":"http:\/\/block1898.de\/?page_id=17","title":{"rendered":"LILIEN-HILFE"},"content":{"rendered":"<p><strong>Redet nicht mit der Polizei! Redet mit uns!<\/strong><\/p>\n<p>Innerhalb des Block1898 hat sich eine weitere Organisation gebildet, die wir \u00fcber kurz oder lang auf eigene Beine stellen wollen. Die Rede ist von der <strong>Lilien-Hilfe<\/strong>, einer Solidargemeinschaft von Lilienfans die sich gemeinsam gegen Repression und Willk\u00fcr durch Polizei und Beh\u00f6rden zur Wehr setzt. Unser Ziel ist es jedem Fan in problematischen Situationen zur Seite zu stehen. Sei es durch pr\u00e4ventive Aufkl\u00e4rung \u00fcber das richtige Verhalten bei polizeilichen Ma\u00dfnahmen, der Vermittlung von erfahrenen Anw\u00e4lten bis zur finanziellen Unterst\u00fctzung wenn ein Fall ungerechtfertigt vor Gericht geht.<\/p>\n<p>Jeder von uns wei\u00df, dass es im Rahmen von Fu\u00dfballspielen zu Problemen mit Sicherheitskr\u00e4ften kommen kann ohne dass man selbst etwas dazu beigetragen hat. Auch wenn wir in Darmstadt gl\u00fccklicherweise seit l\u00e4ngerer Zeit von gr\u00f6\u00dferen Vorf\u00e4llen verschont geblieben sind, sollten wir uns bewusst sein, dass es bereits beim n\u00e4chsten Spiel soweit sein kann. In der Vergangenheit h\u00e4tte eine solche Fanrechtshilfe bereits h\u00e4ufig sehr hilfreich f\u00fcr uns sein k\u00f6nnen. Gerade deshalb wollen wir die Zeit jetzt nutzen um dieses Projekt Schritt f\u00fcr Schritt auf den Weg zu bringen.<\/p>\n<p>Daf\u00fcr brauchen wir vor allem die Solidarit\u00e4t der Lilienfans untereinander! Wir werden bei den kommenden Spielen pr\u00e4sent sein und mit verschiedenen Aktionen auf unser Projekt aufmerksam machen. Vor allem die pr\u00e4ventive Arbeit und das Aufkl\u00e4ren \u00fcber eure Rechte sind uns hierbei wichtig. Zudem wollen wir bei diversen Aktionen, Veranstaltungen oder Partys Geld sammeln um in dringenden F\u00e4llen reagieren zu k\u00f6nnen. Mittelfristig ist es unser Ziel die Lilien-Hilfe auf eigene Beine zu stellen und sie zu einer festen Institution innerhalb unserer Fanszene werden zu lassen. Bis es soweit ist, werden wir euch hier \u00fcber weitere Schritte, Aktionen und Veranstaltungen informieren.<\/p>\n<p>Wenn ihr Probleme mit der Polizei oder der Justiz wegen dem Besuch eines Fu\u00dfballspiels habt, dann kommt direkt zu uns! Sprecht uns bei den Spielen am Stand an, kommt zu den \u00d6ffnungszeiten ins Fanprojekt oder schreibt uns eine E-Mail an lilienhilfe@block1898.de &#8211; wir werden mit euch nach L\u00f6sungen suchen und euch nach Kr\u00e4ften unterst\u00fctzen.<\/p>\n<p>Kontakt: lilienhilfe@block1898.de<\/p>\n","protected":false},"excerpt":{"rendered":"<p>Redet nicht mit der Polizei! Redet mit uns! Innerhalb des Block1898 hat sich eine weitere Organisation gebildet, die wir \u00fcber kurz oder lang auf eigene Beine stellen wollen. Die Rede ist von der Lilien-Hilfe, einer Solidargemeinschaft von Lilienfans die sich gemeinsam gegen Repression und Willk\u00fcr durch Polizei und Beh\u00f6rden zur Wehr setzt. Unser Ziel ist &#8230;<\/p>\n","protected":false},"author":1,"featured_media":0,"parent":0,"menu_order":0,"comment_status":"closed","ping_status":"closed","template":"","meta":[],"_links":{"self":[{"href":"http:\/\/block1898.de\/index.php?rest_route=\/wp\/v2\/pages\/17"}],"collection":[{"href":"http:\/\/block1898.de\/index.php?rest_route=\/wp\/v2\/pages"}],"about":[{"href":"http:\/\/block1898.de\/index.php?rest_route=\/wp\/v2\/types\/page"}],"author":[{"embeddable":true,"href":"http:\/\/block1898.de\/index.php?rest_route=\/wp\/v2\/users\/1"}],"replies":[{"embeddable":true,"href":"http:\/\/block1898.de\/index.php?rest_route=%2Fwp%2Fv2%2Fcomments&post=17"}],"version-history":[{"count":6,"href":"http:\/\/block1898.de\/index.php?rest_route=\/wp\/v2\/pages\/17\/revisions"}],"predecessor-version":[{"id":175,"href":"http:\/\/block1898.de\/index.php?rest_route=\/wp\/v2\/pages\/17\/revisions\/175"}],"wp:attachment":[{"href":"http:\/\/block1898.de\/index.php?rest_route=%2Fwp%2Fv2%2Fmedia&parent=17"}],"curies":[{"name":"wp","href":"https:\/\/api.w.org\/{rel}","templated":true}]}}