{"id":13,"date":"2015-06-06T09:16:25","date_gmt":"2015-06-06T09:16:25","guid":{"rendered":"http:\/\/block1898.wirkungswerk-werbeagentur.de\/?page_id=13"},"modified":"2024-10-01T20:39:17","modified_gmt":"2024-10-01T20:39:17","slug":"lieder","status":"publish","type":"page","link":"http:\/\/block1898.de\/?page_id=13","title":{"rendered":"LIEDER"},"content":{"rendered":"<div id=\"cc-m-6100911284\" class=\"n j-text \">\n<p>Hier findet ihr eine \u00dcbersicht an bekannten und neueren <strong>Lilien-Fanges\u00e4ngen<\/strong> inkl. Liedtexte und Melodien. Wir werden diese im Laufe der n\u00e4chsten Wochen weiter erg\u00e4nzen und m\u00f6glichst aktuell halten.<\/p>\n<p><span style=\"color: #0000ff;\"><strong>+++NEU+++<\/strong><\/span><\/p>\n<p><strong>In Hessen&#8230;<br \/>\n<\/strong>In Hessen gibt&#8217;s nur einen Sportverein!<br \/>\nDie Stadt im Walde &#8211; da ist er daheim!<br \/>\nAm B\u00f6llenfalltor wird er immer sein!<br \/>\nH\u00f6rst du die Heiner seinen Namen schrein?<\/p>\n<p>Der SVD&nbsp;Allez Allez &nbsp;Allez!<br \/>\nDer SVD&nbsp;Allez Allez &nbsp;Allez!<br \/>\nDer SVD&nbsp;Allez Allez &nbsp;Allez!<br \/>\nDer SVD wird niemals untergehn!<br \/>\n(und wieder von vorn!)<\/p>\n<p><strong><span style=\"color: #0000ff;\">+++NEU+++<\/span><br \/>\n<\/strong><\/p>\n<\/div>\n<p><!--more--><\/p>\n<p><strong>CARNEVAL DE DARMSTADT<\/strong><br \/>\nOl\u00e9 Ol\u00e9 &#8211; ol\u00e9&nbsp;ol\u00e9 ol\u00e9<br \/>\nSV Darmstadt!<br \/>\nAchtundneunzig!<br \/>\nOh SVD ol\u00e9 ol\u00e9<br \/>\n<em>(Melodie: Carneval de Paris)<\/em><\/p>\n<p><strong>EINHAKEN!<\/strong><em><br \/>\n<\/em>Schala-lala-lalalaa<br \/>\nSV Darmstadt<br \/>\nSchala-lala-lalalaa<br \/>\nSV Darmstadt<br \/>\n<em>(dazu einhaken und h\u00fcpfen)<\/em><\/p>\n<p><strong>DIE SONNE SCHEINT!<\/strong><br \/>\nDie Sonne scheint!<br \/>\nDie Menge tobt<br \/>\nund wartet auf ein Lilientor!<br \/>\n3x Klatschen &#8211; Ol\u00e9 ol\u00e9 ola<br \/>\nDie Sonne scheint!<br \/>\nDie Spieler sind alle bereit!<br \/>\nEs ist soweit!<br \/>\n3x Klatschen &#8211; Ol\u00e9 ol\u00e9 ola<br \/>\nOh Lilie! Oh Lilie! Oh Lilie! Ohhhhhh!<br \/>\nOh Lilie! Oh Lilie! Oh Lilie! Ohhhhhh!<br \/>\nTor! Tor! Tor! Lilie vor!<br \/>\nVor! Vor! Vor! Schie\u00df ein Tor!<br \/>\nOooooooh&#8230;.<br \/>\n<em>(Alberto Colucci &#8211; Die Sonne scheint!)<\/em><\/p>\n<p><strong>VORW\u00c4RTS SVD!<\/strong><br \/>\nVorw\u00e4rts SVD! SVD!<br \/>\nVorw\u00e4rts SVD!<br \/>\nLalalalalala!<br \/>\nVorw\u00e4rts SVD! SVD!<br \/>\n&#8230;<br \/>\n<em>(Give It Up &#8211; KC &amp; The Sunshine Band)<\/em><\/p>\n<p><strong>MADAGASKAR<\/strong><br \/>\nWir lagen vor Madagaskar<br \/>\nund hatten die Lilien an Bord!<br \/>\nIn den F\u00e4ssern da faulten die Kickers<br \/>\nund t\u00e4glich ging einer \u00fcber Bord!<br \/>\nOl\u00e9 SV Darmstadt ol\u00e9 ol\u00e9<br \/>\nOl\u00e9 SV Darmstadt ol\u00e9 ol\u00e9<\/p>\n<p><strong>WE LOVE YOU DARMSTADT<\/strong><br \/>\nWe love you Darmstadt, we do!<br \/>\nWe love you Darmstadt, we do!<br \/>\nWe love you Darmstadt, we do!<br \/>\nOh Darmstadt we love you!<\/p>\n<p><strong>IN DARMSTADT STEHT DER LANGE LUI!<\/strong><br \/>\nIn Darmstadt steht de lange&nbsp;Lui<br \/>\nund der is ganz schee hoch!<br \/>\nWer da von owwe runner guggt,<br \/>\nder sieht de gro\u00dfe Woog!<br \/>\nNoch gr\u00f6\u00dfer als de lange&nbsp;Lui<br \/>\nund das is in der Tat<br \/>\nder Achteneunscher Sportverein<br \/>\nauf Bundesligafahrt!<br \/>\nBeim SVD, beim SVD &#8211;&nbsp;da holt man keine Punkte!<br \/>\nUnd wer ans B\u00f6llenfalltor kommt, den ziehn die Lilien ab!<br \/>\nZappzerapp!<br \/>\n<em>(Hessefred &#8211; Lilie Schuss)<\/em><\/p>\n<p><strong>STEHT AUF F\u00dcR DEN SVD!<\/strong><br \/>\nBlau-wei\u00dfe Lilie auf gr\u00fcnem Feld<br \/>\neroberst die Fu\u00dfballwelt!<br \/>\nSteht auf, steht auf f\u00fcr den SVD!<br \/>\nSVD, SVD, SVD!<br \/>\nBlau und Wei\u00df kann keiner widerstehen!<br \/>\nBlau-Wei\u00dfe Lilie auf gr\u00fcnem Feld&#8230;<br \/>\n<em>(Festival der Lilie)<\/em><\/p>\n<p><strong>AIDA<\/strong><br \/>\nAllez! SVD allez! SVD allez!<br \/>\nSVD allez!<br \/>\nSVD! SVD! Allez!<br \/>\n<em>(Triumphmarsch aus der Oper &#8222;Aida&#8220; von Giuseppe Verdi)<\/em><\/p>\n<p><strong>WE ARE THE BOYS IN BLUE!<\/strong><br \/>\nOhhhooo!&nbsp;Ohhhooo!<br \/>\nWe are the boys in blue!<br \/>\nOhhhooo!&nbsp;Ohhhooo!<br \/>\nWe are the boys in blue!<br \/>\nWe fight together &#8211; BOYS IN BLUE!<\/p>\n<p><strong>COME ON DARMSTADT<\/strong><br \/>\nCome on Darmstadt, come on Darmstadt!<br \/>\n2x Klatschen<br \/>\nCome on Darmstadt, come on!<br \/>\nCome on Darmstadt, come on Darmstadt!<br \/>\n2x Klatschen<br \/>\nCome on Darmstadt, come on!<br \/>\nOooohhhhhh&#8230;<\/p>\n<p><strong>WIR SIND DIE FANS<\/strong><br \/>\nWir sind die Fans, Fans, Fans vom SVD!<br \/>\nWir schlagen alle auch den OFC!<br \/>\nWir steigen auf, auf, aufsteigen wir!<br \/>\nDeutscher Meister werden wir&#8230; Niemals!<br \/>\nHeja SVD! Heja SVD!<br \/>\nHeja SVD! Heja SVD! Heja SVD!<br \/>\n&#8230;<br \/>\n<em>(Uffstiegslied von 1978)<\/em><\/p>\n<p><strong>KEINER WIRD ES WAGEN&#8230;<\/strong><br \/>\nKeiner wird es wagen, keiner wird es wagen,<br \/>\nunsern SVD zu schlagen!<br \/>\nKeiner wird es wagen, &#8230;<\/p>\n<p><strong>S\u00dcDDEUTSCHTER MEISTER<\/strong><br \/>\nS\u00fcddeutscher Meister! S\u00fcddeutscher Meister!<br \/>\nS\u00fcddeutscher Meister &#8211; SVD!<\/p>\n<p><strong>WIR SIND DIE LILIEN!<\/strong><br \/>\nWir sind die Lilien!<br \/>\nWir sind die Heiner!<br \/>\nWir schlagen alle,<br \/>\ndoch uns schl\u00e4gt keiner!<br \/>\nWir sind die Lilien!<br \/>\nWir sind die Heiner<br \/>\nund wir werden nie untergehen!<br \/>\nSVD &#8211; Allez les bleus!<br \/>\nSVD &#8211; Allez les bleus!<br \/>\n&#8230;<br \/>\n<em>(Nicole &#8211; Ein bisschen Frieden)<\/em><\/p>\n<p class=\"yt watch-title-container\"><strong>OH SV DARMSTADT&#8230;<\/strong><br \/>\nOh SV Darmstadt schalalala!<br \/>\nOh SV Darmstadt schalalala!<br \/>\nOh SV Darmstadt schalalalala!<br \/>\n&#8230;<br \/>\n<span id=\"eow-title\" class=\"watch-title \" dir=\"ltr\" title=\"Frank Sinatra - I Love You Baby\"><em>(Frank Sinatra &#8211; I Love You Baby)<\/em> <\/span><\/p>\n<p><strong>ALLEZ LES BLEUS<\/strong><br \/>\nAuf geht&#8217;s B\u00f6llenfalltor!&nbsp;Klatscht in die H\u00e4nde! Bewegt euch! 1,2&#8230;1,2,3,4!<br \/>\nWochenende Lilienfieber!<br \/>\nKind und Kegel unterm Arm!<br \/>\nEgal ob Schnee, egal ob Regen<br \/>\nWer laut schreit, dem wird schon warm!<br \/>\nWir zittern oft mit unsern Lilien<br \/>\nund ganz egal was auch passiert:<br \/>\nALLEZ LES BLEUS!<\/p>\n<p>Refr.:<br \/>\nSVD &#8211; Allez les bleus!<br \/>\nSVD &#8211; Allez les bleus!<\/p>\n<p>Der HR3 kriecht permanent<br \/>\nden Offenbachern in den Arsch!<br \/>\nDoch in ihrer roten H\u00f6lle<br \/>\nhatten wir ne Menge Spa\u00df!<br \/>\nWir zittern oft mit unsern Lilien<br \/>\nund ganz egal was auch passiert:<br \/>\nALLEZ LES BLEUS!<\/p>\n<p>Refr.<\/p>\n<p>Jeder Angriff wird gefeiert,<br \/>\njedes K\u00e4mpfen honoriert!<br \/>\nUnd wehe der Schiri pfeift was Falsches!<br \/>\nDann wird kr\u00e4ftig protestiert!<br \/>\nWir zittern oft mit unsern Lilien<br \/>\nund ganz egal was auch passiert:<br \/>\nALLEZ LES BLEUS!<\/p>\n<p>Refr.<br \/>\n<em>(Decubitus &#8211; Allez les bleus)<\/em><\/p>\n<p><strong>NUR DER SPORTVEREIN<\/strong><br \/>\nNur der Sportverein!<br \/>\n2x Klatschen<br \/>\nNur der Sportverein!<br \/>\n&#8230;<\/p>\n<p><strong>IM STADION VOR MIR&#8230;<\/strong><br \/>\nIm Stadion vor mir steht ein OFC-Schwein!<br \/>\nIch hau ihm eine Flasche auf den Kopf!<br \/>\nIch seh wie er verblutet, doch das macht mir gar nix aus!<br \/>\nIch nehm mir seinen Schal und geh nach Haus!<br \/>\nLala lala lalala lala &#8211; Schei\u00df Kickers!<br \/>\nLala lala lalala lala &#8211; Schei\u00df Kickers!<br \/>\n&#8230;<br \/>\n<em>(<span id=\"eow-title\" class=\"watch-title \" dir=\"ltr\" title=\"Henry Valentino &amp; Daffi Cramer - Im Wagen vor mir 1995\">Henry Valentino &amp; Daffi Cramer &#8211; Im Wagen vor mir<\/span>)<\/em><\/p>\n<p>Wir wollen Darmstadt,<br \/>\nwir wollen Darmstadt,<br \/>\nwir wollen Darmstadt siegen sehn!<br \/>\nOh wie w\u00e4r das,<br \/>\noh wie w\u00e4r das,<br \/>\noh wie w\u00e4r das wundersch\u00f6n!<br \/>\n<em>(Joe Cocker &#8211; Sailing)<\/em><\/p>\n<p><em><br \/>\n<\/em><em><\/em><\/p>\n<p><strong>IM STADION&#8230;<br \/>\n<\/strong>Im Stadion erklingen die Ges\u00e4nge!<br \/>\nAuf dem Rasen spielt unser SVD!<br \/>\nZusammen werden wir alles geben,<br \/>\ndamit wir als Sieger vom Platz gehen!<\/p>\n<p>Allez Allez SVD!<br \/>\nAllez Allez SVD!<br \/>\nAllez Allez Allez Allez SVD!<br \/>\nSVD!<br \/>\n(und wieder von vorn!)<strong><br \/>\n<\/strong><em>(Melodie: Creedence Clearwater &#8211; Bad Moon Rising)<\/em><\/p>\n<p><em>&nbsp;<\/em><\/p>\n","protected":false},"excerpt":{"rendered":"<p>Hier findet ihr eine \u00dcbersicht an bekannten und neueren Lilien-Fanges\u00e4ngen inkl. Liedtexte und Melodien. Wir werden diese im Laufe der n\u00e4chsten Wochen weiter erg\u00e4nzen und m\u00f6glichst aktuell halten. +++NEU+++ In Hessen&#8230; In Hessen gibt&#8217;s nur einen Sportverein! Die Stadt im Walde &#8211; da ist er daheim! Am B\u00f6llenfalltor wird er immer sein! H\u00f6rst du die &#8230;<\/p>\n","protected":false},"author":1,"featured_media":0,"parent":0,"menu_order":0,"comment_status":"closed","ping_status":"closed","template":"","meta":[],"_links":{"self":[{"href":"http:\/\/block1898.de\/index.php?rest_route=\/wp\/v2\/pages\/13"}],"collection":[{"href":"http:\/\/block1898.de\/index.php?rest_route=\/wp\/v2\/pages"}],"about":[{"href":"http:\/\/block1898.de\/index.php?rest_route=\/wp\/v2\/types\/page"}],"author":[{"embeddable":true,"href":"http:\/\/block1898.de\/index.php?rest_route=\/wp\/v2\/users\/1"}],"replies":[{"embeddable":true,"href":"http:\/\/block1898.de\/index.php?rest_route=%2Fwp%2Fv2%2Fcomments&post=13"}],"version-history":[{"count":8,"href":"http:\/\/block1898.de\/index.php?rest_route=\/wp\/v2\/pages\/13\/revisions"}],"predecessor-version":[{"id":2472,"href":"http:\/\/block1898.de\/index.php?rest_route=\/wp\/v2\/pages\/13\/revisions\/2472"}],"wp:attachment":[{"href":"http:\/\/block1898.de\/index.php?rest_route=%2Fwp%2Fv2%2Fmedia&parent=13"}],"curies":[{"name":"wp","href":"https:\/\/api.w.org\/{rel}","templated":true}]}}