{"id":10,"date":"2015-06-06T09:15:01","date_gmt":"2015-06-06T09:15:01","guid":{"rendered":"http:\/\/block1898.wirkungswerk-werbeagentur.de\/?page_id=10"},"modified":"2016-08-02T13:50:32","modified_gmt":"2016-08-02T13:50:32","slug":"mitglied-werden","status":"publish","type":"page","link":"http:\/\/block1898.de\/?page_id=10","title":{"rendered":"MITGLIED WERDEN"},"content":{"rendered":"<div id=\"cc-m-6100911284\" class=\"n j-text \">\n<p><a href=\"http:\/\/block1898.de\/wp-content\/uploads\/2016\/08\/block1898_mitglied.jpg\"><img decoding=\"async\" loading=\"lazy\" class=\" size-large wp-image-739 aligncenter\" src=\"http:\/\/block1898.de\/wp-content\/uploads\/2016\/08\/block1898_mitglied-1024x768.jpg\" alt=\"block1898_mitglied\" width=\"618\" height=\"464\" srcset=\"http:\/\/block1898.de\/wp-content\/uploads\/2016\/08\/block1898_mitglied.jpg 1024w, http:\/\/block1898.de\/wp-content\/uploads\/2016\/08\/block1898_mitglied-300x225.jpg 300w\" sizes=\"(max-width: 618px) 100vw, 618px\" \/><\/a><\/p>\n<p>Eine Mitgliedschaft bei Block1898\u00a0ist der erste Schritt in die aktive Lilienfanszene! Hier erhaltet ihr Infos und Hintergr\u00fcnde rund um die Lilien, den Block1898 und die Welt der Fankultur sowie \u00fcber Treffpunkte, Ausw\u00e4rtsfahrten und Veranstaltungen. Eine Mitgliedschaft ist au\u00dferdem der erste Schritt in die Szene mit ihren verschiedenen Fan- und Ultr\u00e0gruppen.<\/p>\n<\/div>\n<p>Eine Mitgliedschaft\u00a0gilt immer f\u00fcr eine Saison und muss von jedem Mitglied zur neuen Saison neu beantragt\u00a0werden! Grunds\u00e4tzlich kann jeder Mitglied werden, der selbst aktiv werden oder die Fanszene bei ihren Aktionen finanziell unterst\u00fctzen will. Es gibt hierbei keine Altersbeschr\u00e4nkung und keine Verpflichtungen! Wir freuen uns aber nat\u00fcrlich \u00fcber jedes Mitglied, das sich auch aktiv engagiert um den Block1898 noch ein St\u00fcck lauter, bunter und lebendiger zu machen.<\/p>\n<p><strong>Um Mitglied zu werden\u00a0registriert ihr euch bitte online im unten aufgef\u00fchrten Online-Formular. Beim darauffolgenden Heimspiel k\u00f6nnt ihr dann vor Spielbeginn am Stand vor Block1898 die Registrierung best\u00e4tigen und euren Saisonbeitrag bar bezahlen (20,- \u20ac pro Saison). Sobald ihr euch angemeldet habt, werdet ihr regelm\u00e4\u00dfig mit Informationen zu Aktivit\u00e4ten, Veranstaltungen und Spieltags-Infos versorgt.<br \/>\n<\/strong><\/p>\n<p>Eine Mitgliedschaft bei Block1898 bietet euch allerdings noch viel mehr! N\u00e4mlich die M\u00f6glichkeit, Euch aktiv in die Fanszene einzubringen und in die faszinierende Welt der Fankultur einzutauchen. F\u00fcr Fragen und detaillierte Informationen k\u00f6nnt ihr euch bei mitglieder@block1898.de melden!<\/p>\n<p><strong>F\u00dcR EINE LEBENDIGE LILIEN-FANKULTUR IM BLOCK1898!\u00a0<\/strong><br \/>\n<strong>JETZT MITGLIED WERDEN!<br \/>\n&#8212;&#8212;&#8212;&#8212;&#8212;&#8212;&#8212;&#8212;&#8212;&#8212;&#8212;&#8212;&#8212;&#8212;&#8212;&#8212;&#8212;&#8212;&#8212;&#8212;&#8212;&#8212;&#8212;&#8212;&#8212;<\/strong><\/p>\n<p><strong>ONLINE-REGISTRIERUNG:<\/strong><br \/>\n<span style=\"color: #ff0000;\">Eure Daten bleiben alle selbstverst\u00e4ndlich streng vertraulich und werden von uns definitiv <strong>NICHT\u00a0<\/strong> an Dritte weiter gegeben oder langfristig speichern.\u00a0<span style=\"color: #000000;\">Sie dienen lediglich dazu euch w\u00e4hrend der Mitgliedschaft mit Informationen versorgen zu k\u00f6nnen.<\/span> <span style=\"color: #000000;\">Die Mitgliedschaft endet mit der Saison 2016\/2017 und muss anschlie\u00dfend wieder neu abgeschlossen werden.<\/span><\/span><\/p>\n[contact-form-7 404 \"Not Found\"]\n<p>&nbsp;<\/p>\n","protected":false},"excerpt":{"rendered":"<p>Eine Mitgliedschaft bei Block1898\u00a0ist der erste Schritt in die aktive Lilienfanszene! Hier erhaltet ihr Infos und Hintergr\u00fcnde rund um die Lilien, den Block1898 und die Welt der Fankultur sowie \u00fcber Treffpunkte, Ausw\u00e4rtsfahrten und Veranstaltungen. Eine Mitgliedschaft ist au\u00dferdem der erste Schritt in die Szene mit ihren verschiedenen Fan- und Ultr\u00e0gruppen. Eine Mitgliedschaft\u00a0gilt immer f\u00fcr eine &#8230;<\/p>\n","protected":false},"author":1,"featured_media":0,"parent":0,"menu_order":0,"comment_status":"closed","ping_status":"closed","template":"","meta":[],"_links":{"self":[{"href":"http:\/\/block1898.de\/index.php?rest_route=\/wp\/v2\/pages\/10"}],"collection":[{"href":"http:\/\/block1898.de\/index.php?rest_route=\/wp\/v2\/pages"}],"about":[{"href":"http:\/\/block1898.de\/index.php?rest_route=\/wp\/v2\/types\/page"}],"author":[{"embeddable":true,"href":"http:\/\/block1898.de\/index.php?rest_route=\/wp\/v2\/users\/1"}],"replies":[{"embeddable":true,"href":"http:\/\/block1898.de\/index.php?rest_route=%2Fwp%2Fv2%2Fcomments&post=10"}],"version-history":[{"count":13,"href":"http:\/\/block1898.de\/index.php?rest_route=\/wp\/v2\/pages\/10\/revisions"}],"predecessor-version":[{"id":742,"href":"http:\/\/block1898.de\/index.php?rest_route=\/wp\/v2\/pages\/10\/revisions\/742"}],"wp:attachment":[{"href":"http:\/\/block1898.de\/index.php?rest_route=%2Fwp%2Fv2%2Fmedia&parent=10"}],"curies":[{"name":"wp","href":"https:\/\/api.w.org\/{rel}","templated":true}]}}